{"id":488,"date":"2018-03-09T16:17:16","date_gmt":"2018-03-09T15:17:16","guid":{"rendered":"http:\/\/www.charvat-axl.cz\/?page_id=488"},"modified":"2018-03-09T16:17:16","modified_gmt":"2018-03-09T15:17:16","slug":"ueber-die-gesellschaft","status":"publish","type":"page","link":"https:\/\/www.charvat-axl.cz\/de\/ueber-die-gesellschaft\/","title":{"rendered":"\u00dcber die Gesellschaft"},"content":{"rendered":"<p>Die Geschichte des Maschinenbaus in Semily reicht bis in das Jahr 1945 zur\u00fcck. Im Jahre 1958 kn\u00fcpfte an diese Tradition das staatliche Unternehmen Technometra an.<\/p>\n<p>Im Jahre 1994 entstand im Rahmen der Umstrukturierung das Unternehmen AXL, Aktiengesellschaft, welches die langj\u00e4hrigen Erfahrungen aus den Bereichen Entwicklung, Konstruktion und Herstellung von Automobil- und Flugzeugtechnik sowie hydraulischen Anlagen zu nutzen wusste.<\/p>\n<p>Die neuere Geschichte der Firma begann im Herbst des Jahres 2010, als den Mehrheitsanteil an der Gesellschaft AXL, Aktiengesellschaft, die Gesellschaft CHARV\u00c1T Group s.r.o. \u00fcbernahm.<\/p>\n<p>Die Gesellschaft benannte sich am 7.6.2012 in die CHARV\u00c1T AXL, a.s. um und wurde zum st\u00e4ndigen Bestandteil der Gruppe CHARV\u00c1T Group. Die Folge dieses Schrittes waren verst\u00e4rkte gesch\u00e4ftliche Aktivit\u00e4ten der Gesellschaft.<\/p>\n<h3>Hauptaktivit\u00e4ten der Gesellschaft<\/h3>\n<ul>\n<li>Hydraulikzylinder<\/li>\n<li>flugzeugtechnische Produktion<\/li>\n<li>hydraulische Servolenkungen<\/li>\n<li>W\u00e4rmebearbeitung von Metallen<\/li>\n<li>galvanischer Oberfl\u00e4chenschutz<\/li>\n<li>Verkauf verchromter Kolbenstangen und Pr\u00e4zisionsrohre<\/li>\n<\/ul>\n<h3>Weitere Leistungen<\/h3>\n<ul>\n<li>Messen and der 3D-Koordinaten-messmaschine<\/li>\n<li>Kalibrierung \u00fcblicher L\u00e4ngenmessger\u00e4te und Manometer<\/li>\n<li>zerst\u00f6rungsfreie Analyse der chemischen Zusammensetzung von Werkstoffen &#8211; Qualit\u00e4tspr\u00fcfung<\/li>\n<li>Sp\u00fclen von Zylindern auf den gew\u00fcnschten Reinheitsgrad<\/li>\n<li>Kontrolle der W\u00e4rmebearbeitung: Pr\u00fcfung der H\u00e4rte, Zugpr\u00fcfung (Festigkeitsgrenze, Flie\u00dfgrenze, Dehnbarkeit, Kontraktion), Kerbschlagversuch (Kerbz\u00e4higkeit), metallografische Anylsen der Struktur von St\u00e4hlen und Gusseisen<\/li>\n<\/ul>\n","protected":false},"excerpt":{"rendered":"<p>Die Geschichte des Maschinenbaus in Semily reicht bis in das Jahr 1945 zur\u00fcck. Im Jahre 1958 kn\u00fcpfte an diese Tradition das staatliche Unternehmen Technometra an. Im Jahre 1994 entstand im Rahmen der Umstrukturierung das Unternehmen AXL, Aktiengesellschaft, welches die langj\u00e4hrigen Erfahrungen aus den Bereichen Entwicklung, Konstruktion und Herstellung von Automobil- und Flugzeugtechnik sowie hydraulischen Anlagen [&hellip;]<\/p>\n","protected":false},"author":1,"featured_media":0,"parent":0,"menu_order":0,"comment_status":"closed","ping_status":"closed","template":"","meta":{"_acf_changed":false,"footnotes":""},"class_list":["post-488","page","type-page","status-publish","hentry"],"acf":[],"aioseo_notices":[],"_links":{"self":[{"href":"https:\/\/www.charvat-axl.cz\/de\/wp-json\/wp\/v2\/pages\/488","targetHints":{"allow":["GET"]}}],"collection":[{"href":"https:\/\/www.charvat-axl.cz\/de\/wp-json\/wp\/v2\/pages"}],"about":[{"href":"https:\/\/www.charvat-axl.cz\/de\/wp-json\/wp\/v2\/types\/page"}],"author":[{"embeddable":true,"href":"https:\/\/www.charvat-axl.cz\/de\/wp-json\/wp\/v2\/users\/1"}],"replies":[{"embeddable":true,"href":"https:\/\/www.charvat-axl.cz\/de\/wp-json\/wp\/v2\/comments?post=488"}],"version-history":[{"count":0,"href":"https:\/\/www.charvat-axl.cz\/de\/wp-json\/wp\/v2\/pages\/488\/revisions"}],"wp:attachment":[{"href":"https:\/\/www.charvat-axl.cz\/de\/wp-json\/wp\/v2\/media?parent=488"}],"curies":[{"name":"wp","href":"https:\/\/api.w.org\/{rel}","templated":true}]}}