{"id":512,"date":"2018-03-09T16:28:51","date_gmt":"2018-03-09T15:28:51","guid":{"rendered":"http:\/\/www.charvat-axl.cz\/?page_id=512"},"modified":"2019-04-05T13:34:54","modified_gmt":"2019-04-05T11:34:54","slug":"zertifikate","status":"publish","type":"page","link":"https:\/\/www.charvat-axl.cz\/de\/zertifikate\/","title":{"rendered":"Zertifikate"},"content":{"rendered":"<p>Von der Qualit\u00e4t der Produkte zeugt ihre erfolgreiche Anwendung bei in- sowie ausl\u00e4ndischen Kunden unter anspruchsvollsten Betriebsbedingungen in allen Klimagebieten. Das Unternehmen hat ein zertifiziertes Qualit\u00e4tsmanagementsystem gem\u00e4\u00df den Normen \u010cSN EN ISO 9001:2016, \u010cSN EN ISO 3834-2:2006 und \u010cSN EN 15085 im Umfang des Zertifizierungsniveaus CL2 und CL4.<\/p>\n<p>Wir wenden zu 100% Ausgangskontrollen an, was eine hohe Qualit\u00e4t der Produktion garantiert. Die betrieblichen Erfahrungen bei der Verwendung unserer Produkte seitens der Kunden werden ausgewertet, wobei die Ergebnisse zur Verbesserung der technischen Parameter und bei der Entwicklung weiterer Produkte genutzt werden.<\/p>\n<p>Die CHARV\u00c1T AXL, a.s. ist Besitzer der Berechtigung zur Herstellung von Flugzeugtechnik gem\u00e4\u00df der Vorschrift der Europ\u00e4ischen Flugsicherheitsbeh\u00f6rde (EASA), Teil 21 Abschnitt A Kapitel G, und der Berechtigung zur Wartung und zu Instandsetzungen der Flugzeugtechnik gem\u00e4\u00df der Vorschrift der EASA, Teil M, Abschnitt A, Kapitel F, herausgegeben durch das AMT F\u00dcR ZUVILLUFTFAHRT DER TSCHECHISCHEN REPUBLIK im Einklang mit der Europ\u00e4ischen Flugsicherheitsbeh\u00f6rde (EASA).<\/p>\n<p>Ferner ist die Gesellschaft Inhaber des Zertifikats gem\u00e4\u00df der Norm \u010cSN EN ISO 14001:2016 f\u00fcr den Bereich des Umweltmanagements.<\/p>\n","protected":false},"excerpt":{"rendered":"<p>Von der Qualit\u00e4t der Produkte zeugt ihre erfolgreiche Anwendung bei in- sowie ausl\u00e4ndischen Kunden unter anspruchsvollsten Betriebsbedingungen in allen Klimagebieten. Das Unternehmen hat ein zertifiziertes Qualit\u00e4tsmanagementsystem gem\u00e4\u00df den Normen \u010cSN EN ISO 9001:2016, \u010cSN EN ISO 3834-2:2006 und \u010cSN EN 15085 im Umfang des Zertifizierungsniveaus CL2 und CL4. Wir wenden zu 100% Ausgangskontrollen an, was [&hellip;]<\/p>\n","protected":false},"author":1,"featured_media":0,"parent":0,"menu_order":0,"comment_status":"closed","ping_status":"closed","template":"","meta":{"_acf_changed":false,"footnotes":""},"class_list":["post-512","page","type-page","status-publish","hentry"],"acf":[],"aioseo_notices":[],"_links":{"self":[{"href":"https:\/\/www.charvat-axl.cz\/de\/wp-json\/wp\/v2\/pages\/512","targetHints":{"allow":["GET"]}}],"collection":[{"href":"https:\/\/www.charvat-axl.cz\/de\/wp-json\/wp\/v2\/pages"}],"about":[{"href":"https:\/\/www.charvat-axl.cz\/de\/wp-json\/wp\/v2\/types\/page"}],"author":[{"embeddable":true,"href":"https:\/\/www.charvat-axl.cz\/de\/wp-json\/wp\/v2\/users\/1"}],"replies":[{"embeddable":true,"href":"https:\/\/www.charvat-axl.cz\/de\/wp-json\/wp\/v2\/comments?post=512"}],"version-history":[{"count":0,"href":"https:\/\/www.charvat-axl.cz\/de\/wp-json\/wp\/v2\/pages\/512\/revisions"}],"wp:attachment":[{"href":"https:\/\/www.charvat-axl.cz\/de\/wp-json\/wp\/v2\/media?parent=512"}],"curies":[{"name":"wp","href":"https:\/\/api.w.org\/{rel}","templated":true}]}}