{"id":486,"date":"2018-03-09T16:15:54","date_gmt":"2018-03-09T15:15:54","guid":{"rendered":"http:\/\/www.charvat-axl.cz\/?page_id=486"},"modified":"2018-03-09T16:15:54","modified_gmt":"2018-03-09T15:15:54","slug":"about-us","status":"publish","type":"page","link":"https:\/\/www.charvat-axl.cz\/en\/about-us\/","title":{"rendered":"About us"},"content":{"rendered":"<p>The history of machine engineering in Semily dates back to 1945. This tradition was continued from 1958 by the state-owned company Technometra.<\/p>\n<p>A restructuring process in 1994 resulted in the establishment of the joint-stock company AXL, akciov\u00e1 spole\u010dnost, which benefited from long-term experience in the development, design and manufacture of automotive and aircraft equipment and hydraulic devices.<\/p>\n<p>The modern history of the company started in autumn 2010, when CHARV\u00c1T Group s.r.o. acquired a majority share in AXL, akciov\u00e1 spole\u010dnost.<\/p>\n<p>On 7 June 2012, the company was renamed CHARV\u00c1T AXL, a.s. and joined the CHARV\u00c1T Group. As a result of this change the company\u00b4s business activities intensified.<\/p>\n<p>The CHARV\u00c1T Group gradually developed into a significant manufacturer of hydraulic cylinders and assemblies, with the capacity to offer a complete hydraulic range.<\/p>\n<h3>Main Company Activities<\/h3>\n<ul>\n<li>Hydraulic cylinders<\/li>\n<li>Aircraft production<\/li>\n<li>Hydraulic servo steering<\/li>\n<li>Metal heat treatment<\/li>\n<li>Surface treatment by electroplating<\/li>\n<li>Sale of chrome-plated piston rods and precision tubes<\/li>\n<\/ul>\n<h3>Other Services<\/h3>\n<ul>\n<li>Measurement by three-coordinate measuring devices<\/li>\n<li>Calibration of conventional lenght gauges and manometers<\/li>\n<li>Non-destructive analysis of material chemical composition &#8211; quality tests<\/li>\n<li>Cylinder washing to required cleanliness levels<\/li>\n<li>Heat treatment testing &#8211; Hardness test, Tensile test (strength limit, yield point, elongation, reduction), Impact bending test (impact value), Metallographic analysis of steel and alloy structures<\/li>\n<\/ul>\n","protected":false},"excerpt":{"rendered":"<p>The history of machine engineering in Semily dates back to 1945. This tradition was continued from 1958 by the state-owned company Technometra. A restructuring process in 1994 resulted in the establishment of the joint-stock company AXL, akciov\u00e1 spole\u010dnost, which benefited from long-term experience in the development, design and manufacture of automotive and aircraft equipment and [&hellip;]<\/p>\n","protected":false},"author":1,"featured_media":0,"parent":0,"menu_order":0,"comment_status":"closed","ping_status":"closed","template":"","meta":{"_acf_changed":false,"footnotes":""},"class_list":["post-486","page","type-page","status-publish","hentry"],"acf":[],"aioseo_notices":[],"_links":{"self":[{"href":"https:\/\/www.charvat-axl.cz\/en\/wp-json\/wp\/v2\/pages\/486","targetHints":{"allow":["GET"]}}],"collection":[{"href":"https:\/\/www.charvat-axl.cz\/en\/wp-json\/wp\/v2\/pages"}],"about":[{"href":"https:\/\/www.charvat-axl.cz\/en\/wp-json\/wp\/v2\/types\/page"}],"author":[{"embeddable":true,"href":"https:\/\/www.charvat-axl.cz\/en\/wp-json\/wp\/v2\/users\/1"}],"replies":[{"embeddable":true,"href":"https:\/\/www.charvat-axl.cz\/en\/wp-json\/wp\/v2\/comments?post=486"}],"version-history":[{"count":0,"href":"https:\/\/www.charvat-axl.cz\/en\/wp-json\/wp\/v2\/pages\/486\/revisions"}],"wp:attachment":[{"href":"https:\/\/www.charvat-axl.cz\/en\/wp-json\/wp\/v2\/media?parent=486"}],"curies":[{"name":"wp","href":"https:\/\/api.w.org\/{rel}","templated":true}]}}