{"id":510,"date":"2018-03-09T16:28:28","date_gmt":"2018-03-09T15:28:28","guid":{"rendered":"http:\/\/www.charvat-axl.cz\/?page_id=510"},"modified":"2024-11-05T13:27:19","modified_gmt":"2024-11-05T12:27:19","slug":"certificates","status":"publish","type":"page","link":"https:\/\/www.charvat-axl.cz\/en\/certificates\/","title":{"rendered":"Certificates"},"content":{"rendered":"<p>Proof of the high quality of the products is their successful use by domestic and foreign customers in the most demanding operating conditions and all climatic zones.<\/p>\n<p>The company has a quality management system certified according to the \u010cSN EN ISO 9001:2016, \u010cSN EN ISO 3834-2:2006 and \u010cSN EN 15085 standards within the CL2 and CL4 certification levels.<\/p>\n<p>It performs 100% final inspections, which guarantee the high quality of its production. It evaluates the users experience from the operation of its producs, using the results to improve their technical parameters, as well as in the development of other products.<\/p>\n<p>CHARV\u00c1T AXL, a.s. holds an EASA certificate for aircraft equipment production Part 21 Section A Subpart G, and an Aircraft Maintenance and Repair Licence according to EASA Part M Section A Subpart F issued by the Czech Civil Authority, Czech Republic in compliance with the European Aviation Safety Agency. The company also holds the \u010cSN EN ISO 14001:2016 certificate for environmental management.<\/p>\n<p><a href=\"https:\/\/www.charvat-axl.cz\/wp-content\/uploads\/Vseobecne-obchodni-podminky-2023_AJ-10-24.pdf\">V\u0161eobecn\u00e9 obchodn\u00ed podm\u00ednky 2023_AJ 10-24<\/a><\/p>\n","protected":false},"excerpt":{"rendered":"<p>Proof of the high quality of the products is their successful use by domestic and foreign customers in the most demanding operating conditions and all climatic zones. The company has a quality management system certified according to the \u010cSN EN ISO 9001:2016, \u010cSN EN ISO 3834-2:2006 and \u010cSN EN 15085 standards within the CL2 and [&hellip;]<\/p>\n","protected":false},"author":1,"featured_media":0,"parent":0,"menu_order":0,"comment_status":"closed","ping_status":"closed","template":"","meta":{"_acf_changed":false,"footnotes":""},"class_list":["post-510","page","type-page","status-publish","hentry"],"acf":[],"aioseo_notices":[],"_links":{"self":[{"href":"https:\/\/www.charvat-axl.cz\/en\/wp-json\/wp\/v2\/pages\/510","targetHints":{"allow":["GET"]}}],"collection":[{"href":"https:\/\/www.charvat-axl.cz\/en\/wp-json\/wp\/v2\/pages"}],"about":[{"href":"https:\/\/www.charvat-axl.cz\/en\/wp-json\/wp\/v2\/types\/page"}],"author":[{"embeddable":true,"href":"https:\/\/www.charvat-axl.cz\/en\/wp-json\/wp\/v2\/users\/1"}],"replies":[{"embeddable":true,"href":"https:\/\/www.charvat-axl.cz\/en\/wp-json\/wp\/v2\/comments?post=510"}],"version-history":[{"count":1,"href":"https:\/\/www.charvat-axl.cz\/en\/wp-json\/wp\/v2\/pages\/510\/revisions"}],"predecessor-version":[{"id":1159,"href":"https:\/\/www.charvat-axl.cz\/en\/wp-json\/wp\/v2\/pages\/510\/revisions\/1159"}],"wp:attachment":[{"href":"https:\/\/www.charvat-axl.cz\/en\/wp-json\/wp\/v2\/media?parent=510"}],"curies":[{"name":"wp","href":"https:\/\/api.w.org\/{rel}","templated":true}]}}